{"id":165,"date":"2025-09-30T07:31:31","date_gmt":"2025-09-30T07:31:31","guid":{"rendered":"https:\/\/www.darzoviuseklos.lt\/my-account\/"},"modified":"2025-09-30T07:34:11","modified_gmt":"2025-09-30T07:34:11","slug":"my-account","status":"publish","type":"page","link":"https:\/\/www.darzoviuseklos.lt\/en\/my-account\/","title":{"rendered":"My account"},"content":{"rendered":"<div class=\"woocommerce\"><div class=\"woocommerce-notices-wrapper\"><\/div>\n<div class=\"login-reg-form\">\n\n\t\n\t\t<div class=\"u-columns col2-set\" id=\"customer_login\">\n\n\t\t\t<div class=\"u-column1 col-1\">\n\n\t\t\t\n\t\t\t<h2>Login<\/h2>\n\n\t\t\t<div class=\"login-form-ins\">\n\t\t\t\t<span class=\"prsijunkite\">Prisijunkite:<\/span>\n\t\t\t\t<form class=\"woocommerce-form woocommerce-form-login login\" method=\"post\">\n\n\t\t\t\t\t\n\t\t\t\t\t<p class=\"woocommerce-form-row woocommerce-form-row--wide form-row form-row-wide\">\n\t\t\t\t\t\t<label\n\t\t\t\t\t\t\tfor=\"username\">Username or email address&nbsp;<span\n\t\t\t\t\t\t\t\tclass=\"required\" aria-hidden=\"true\">*<\/span><span\n\t\t\t\t\t\t\t\tclass=\"screen-reader-text\">Required<\/span><\/label>\n\t\t\t\t\t\t<input type=\"text\" class=\"woocommerce-Input woocommerce-Input--text input-text\" name=\"username\"\n\t\t\t\t\t\t\tid=\"username\" autocomplete=\"username\"\n\t\t\t\t\t\t\tplaceholder=\"Username or email address\"\n\t\t\t\t\t\t\tvalue=\"\"\n\t\t\t\t\t\t\trequired aria-required=\"true\" \/>\n\t\t\t\t\t<\/p>\n\t\t\t\t\t<p class=\"woocommerce-form-row woocommerce-form-row--wide form-row form-row-wide\">\n\t\t\t\t\t\t<label for=\"password\">Password&nbsp;<span\n\t\t\t\t\t\t\t\tclass=\"required\" aria-hidden=\"true\">*<\/span><span\n\t\t\t\t\t\t\t\tclass=\"screen-reader-text\">Required<\/span><\/label>\n\t\t\t\t\t\t<input class=\"woocommerce-Input woocommerce-Input--text input-text\" type=\"password\"\n\t\t\t\t\t\t\tplaceholder=\"Password\" name=\"password\" id=\"password\"\n\t\t\t\t\t\t\tautocomplete=\"current-password\" required aria-required=\"true\" \/>\n\t\t\t\t\t<\/p>\n\n\t\t\t\t\t\n\t\t\t\t\t<p class=\"form-row remeber-me\">\n\t\t\t\t\t\t<label\n\t\t\t\t\t\t\tclass=\"woocommerce-form__label woocommerce-form__label-for-checkbox woocommerce-form-login__rememberme\">\n\t\t\t\t\t\t\t<input class=\"woocommerce-form__input woocommerce-form__input-checkbox\" name=\"rememberme\"\n\t\t\t\t\t\t\t\ttype=\"checkbox\" id=\"rememberme\" value=\"forever\" \/>\n\t\t\t\t\t\t\t<span>Remember me<\/span>\n\t\t\t\t\t\t<\/label>\n\t\t\t\t\t\t<input type=\"hidden\" id=\"woocommerce-login-nonce\" name=\"woocommerce-login-nonce\" value=\"4158fadba5\" \/><input type=\"hidden\" name=\"_wp_http_referer\" value=\"\/en\/wp-json\/wp\/v2\/pages\/165\" \/>\t\t\t\t\t\t<button class=\"woo-login-button\" type=\"submit\"\n\t\t\t\t\t\t\tclass=\"woocommerce-button button woocommerce-form-login__submit\"\n\t\t\t\t\t\t\tname=\"login\"\n\t\t\t\t\t\t\tvalue=\"Log in\">Log in<\/button>\n\t\t\t\t\t<\/p>\n\t\t\t\t\t<p class=\"woocommerce-LostPassword lost_password\">\n\t\t\t\t\t\t<a\n\t\t\t\t\t\t\thref=\"https:\/\/www.darzoviuseklos.lt\/en\/my-account\/lost-password\/\">Pamir\u0161au slapta\u017eod\u012f...<\/a>\n\t\t\t\t\t<\/p>\n\n\t\t\t\t\t\n\t\t\t\t<\/form>\n\n\t\t\t\t<h3 class=\"new-client\">Neturite paskyros?<\/h3>\n\n\t\t\t\t<p class=\"new-client\">\n\t\t\t\t\tSusikurkite paskyr\u0105 ir savo u\u017esakymus valdysite patogiau ir papras\u010diau!\t\t\t\t<\/p>\n\n\t\t\t\t<a class=\"woo-login-text\" href=\"javascript:void(0);\"\n\t\t\t\t\tid=\"show-register-form\">Nauja registracija<\/a>\n\n\t\t\t\t<h3 class=\"new-client\">Nenorite registruotis?<\/h3>\n\n\t\t\t\t\t\t\t\t<a class=\"woo-login-button svecias\" href=\"https:\/\/www.darzoviuseklos.lt\/darzoviu-seklos\/\">\n\t\t\t\t\tPirksiu kaip sve\u010dias\t\t\t\t<\/a>\n\n\t\t\t<\/div>\n\n\t\t\t\n\t\t\t<\/div>\n\n\t\t\t<div class=\"u-column2 col-2\">\n\n\t\t\t\t<h2>Register<\/h2>\n\n\t\t\t\t<div class=\"reg-form-ins\">\n\t\t\t\t\t<form method=\"post\" class=\"woocommerce-form woocommerce-form-register register\" >\n\n\t\t\t\t\t\t    <div class=\"jr-toolbar\">\n        <label id=\"fizinis\" class=\"btn\" style=\"margin-right:14px;\">\n            <input type=\"radio\" name=\"jr_customer_type\" value=\"fizinis\"  checked='checked' hidden>\n            Fizinis asmuo        <\/label>\n        <label id=\"juridinis\" class=\"btn\">\n            <input type=\"radio\" name=\"jr_customer_type\" value=\"juridinis\"                 hidden>\n            Juridinis asmuo        <\/label>\n    <\/div>\n\n    <div class=\"form-row form-row-wide\">\n        <label for=\"reg_email\">Email address&nbsp;<span class=\"required\"\n                aria-hidden=\"true\">*<\/span><span\n                class=\"screen-reader-text\">Required<\/span><\/label>\n        <input type=\"email\" class=\"woocommerce-Input woocommerce-Input--text input-text\" name=\"email\" id=\"reg_email\"\n            autocomplete=\"email\" placeholder=\"Email address\"\n            value=\"\" required\n            aria-required=\"true\" \/>\n    <\/div>\n    <div id=\"jr-field-company-name\" class=\"form-row form-row-wide\">\n        <label for=\"jr_company_name\">\u012emon\u0117s pavadinimas<\/label>\n        <input type=\"text\" placeholder=\"\u012emon\u0117s pavadinimas*\" name=\"jr_company_name\"\n            id=\"jr_company_name\" value=\"\" \/>\n    <\/div>\n\n    <div class=\"form-row form-row-wide\">\n        <label for=\"jr_company_code\">\u012emon\u0117s\/\u016bkio kodas<\/label>\n        <input type=\"text\" placeholder=\"\u012emon\u0117s\/\u016bkio kodas\" name=\"jr_company_code\"\n            id=\"jr_company_code\" value=\"\" \/>\n    <\/div>\n    <div class=\"form-row form-row-wide\">\n        <label for=\"jr_vat_code\">PVM kodas<\/label>\n        <input type=\"text\" placeholder=\"PVM kodas\" name=\"jr_vat_code\"\n            id=\"jr_vat_code\" value=\"\" \/>\n    <\/div>\n\n    <div class=\"form-row form-row-first\">\n        <label for=\"jr_full_name\">Vardas<\/label>\n        <input type=\"text\" placeholder=\"Vardas\" name=\"jr_full_name\" id=\"jr_full_name\"\n            value=\"\" required \/>\n    <\/div>\n    <div class=\"form-row form-row-last\">\n        <label for=\"jr_full_surname\">Pavard\u0117<\/label>\n        <input type=\"text\" placeholder=\"Pavard\u0117\" name=\"jr_full_surname\"\n            id=\"jr_full_surname\" value=\"\" required \/>\n    <\/div>\n\n    <div class=\"form-row form-row-wide\">\n        <label for=\"jr_address\">Adresas<\/label>\n        <input type=\"text\" placeholder=\"Adresas*\" name=\"jr_address\" id=\"jr_address\"\n            value=\"\" required \/>\n    <\/div>\n\n    <div class=\"form-row form-row-first\">\n        <label for=\"jr_city\">Miestas<\/label>\n        <input type=\"text\" placeholder=\"Miestas*\" name=\"jr_city\" id=\"jr_city\"\n            value=\"\" required \/>\n    <\/div>\n    <div class=\"form-row form-row-last\">\n        <label for=\"jr_postcode\">Pa\u0161to kodas<\/label>\n        <input type=\"text\" placeholder=\"Pa\u0161to kodas*\" name=\"jr_postcode\"\n            id=\"jr_postcode\" value=\"\" required \/>\n    <\/div>\n\n    <div class=\"form-row form-row-wide\">\n        <label for=\"jr_phone\">Telefono numeris<\/label>\n        <input type=\"tel\" placeholder=\"Telefono numeris*\" name=\"jr_phone\"\n            id=\"jr_phone\" value=\"\" required \/>\n    <\/div>\n\n    <div class=\"form-row form-row-wide\">\n        <label for=\"reg_password\">Password&nbsp;<span\n                class=\"required\"><\/span><\/label>\n        <input type=\"password\" class=\"woocommerce-Input woocommerce-Input--text input-text\" name=\"password\"\n            id=\"reg_password\" autocomplete=\"new-password\" placeholder=\"*************\"\n            required aria-required=\"true\" \/>\n    <\/div>\n\n    <div class=\"form-row form-row-wide\">\n        <label for=\"reg_password2\">Pakartokite slapta\u017eod\u012f&nbsp;<span\n                class=\"required\"><\/span><\/label>\n        <input type=\"password\" class=\"woocommerce-Input woocommerce-Input--text input-text\" name=\"password2\"\n            id=\"reg_password2\" autocomplete=\"new-password\"\n            placeholder=\"*************\" required aria-required=\"true\" \/>\n    <\/div>\n\n    <!-- NEWSLETTER (optional) -->\n    <p class=\"form-row form-row-wide news-letter\" style=\"margin-top:4px;\">\n        <label class=\"woocommerce-form__label woocommerce-form__label-for-checkbox inline\">\n            <input type=\"checkbox\" class=\"woocommerce-form__input woocommerce-form__input-checkbox\"\n                name=\"jr_newsletter_optin\" value=\"1\"  \/>\n            <span>Noriu prenumeruoti darzoviuseklos.lt naujienlai\u0161k\u012f<\/span>\n        <\/label>\n    <\/p>\n\n    <p class=\"form-row form-row-wide validate-required\" style=\"margin-top:10px;\">\n        <label class=\"woocommerce-form__label woocommerce-form__label-for-checkbox inline\">\n            <input type=\"checkbox\" class=\"woocommerce-form__input woocommerce-form__input-checkbox\" name=\"jr_privacy_agree\"\n                value=\"1\"  \/>\n            <span>\n                Sutinku su svetain\u0117je taikoma                <a href=\"https:\/\/www.darzoviuseklos.lt\/informacija-pirkejams\/privatumo-politika\/\" target=\"_blank\" rel=\"noopener\">privatumo politika<\/a>\n            <\/span>\n        <\/label>\n    <\/p>\n\n    <input type=\"hidden\" id=\"jr_reg_nonce\" name=\"jr_reg_nonce\" value=\"cb062a8844\" \/><input type=\"hidden\" name=\"_wp_http_referer\" value=\"\/en\/wp-json\/wp\/v2\/pages\/165\" \/>\n    <style>\n        #jr-field-company-name {\n            display: none;\n        }\n    <\/style>\n    <script>\n        (function () {\n            function toggleCompanyFields() {\n                const type = document.querySelector('input[name=\"jr_customer_type\"]:checked')?.value || 'fizinis';\n                const companyWrap = document.getElementById('jr-field-company-name');\n                const companyInput = document.getElementById('jr_company_name');\n                const juridinis = document.getElementById('juridinis');\n                const fizinis = document.getElementById('fizinis');\n\n                if (companyWrap && companyInput) {\n                    if (type === 'juridinis') {\n                        companyWrap.style.display = 'block';\n                        companyInput.setAttribute('required', 'required');\n                    } else {\n                        companyWrap.style.display = 'none';\n                        companyInput.removeAttribute('required');\n                    }\n                }\n\n                \/\/ toggle active class on the two labels\n                if (fizinis && juridinis) {\n                    if (type === 'juridinis') {\n                        fizinis.classList.remove('is-active');\n                        juridinis.classList.add('is-active');\n                    } else {\n                        juridinis.classList.remove('is-active');\n                        fizinis.classList.add('is-active');\n                    }\n                }\n            }\n            document.addEventListener('change', function (e) {\n                if (e.target && e.target.name === 'jr_customer_type') { toggleCompanyFields(); }\n            });\n            document.addEventListener('DOMContentLoaded', toggleCompanyFields);\n            jQuery(function ($) { \/\/ \u010dia $ veiks tik \u0161ioje funkcijoje\n                var $c1 = jQuery('.login-reg-form .u-column1');\n                var $c2 = jQuery('.login-reg-form .u-column2');\n\n                $c2.hide();\n\n                jQuery('#show-register-form').on('click', function (e) {\n                    e.preventDefault();\n                    $c1.stop(true, true).hide();\n                    $c2.stop(true, true).fadeIn(200);\n                });\n\n                jQuery('#show-login-form').on('click', function (e) {\n                    e.preventDefault();\n                    $c2.stop(true, true).hide();\n                    $c1.stop(true, true).fadeIn(200);\n                });\n            });\n        })();\n    <\/script>\n    \n\t\t\t\t\t\t\n\t\t\t\t\t\t<!-- <p class=\"woocommerce-form-row woocommerce-form-row--wide form-row form-row-wide\">\n\t\t\t\t\t\t\t<label for=\"reg_email\">&nbsp;<span\n\t\t\t\t\t\t\t\t\tclass=\"required\" aria-hidden=\"true\">*<\/span><span\n\t\t\t\t\t\t\t\t\tclass=\"screen-reader-text\"><\/span><\/label>\n\t\t\t\t\t\t\t<input type=\"email\" class=\"woocommerce-Input woocommerce-Input--text input-text\" name=\"email\"\n\t\t\t\t\t\t\t\tid=\"reg_email\" autocomplete=\"email\"\n\t\t\t\t\t\t\t\tplaceholder=\"\"\n\t\t\t\t\t\t\t\tvalue=\"\"\n\t\t\t\t\t\t\t\trequired aria-required=\"true\" \/>\n\t\t\t\t\t\t<\/p> -->\n\n\t\t\t\t\t\t\n\t\t\t\t\t\t\t<!-- <p class=\"woocommerce-form-row woocommerce-form-row--wide form-row form-row-wide\">\n\t\t\t\t\t\t\t\t<label for=\"reg_password\">&nbsp;<span\n\t\t\t\t\t\t\t\t\t\tclass=\"required\" aria-hidden=\"true\">*<\/span><span\n\t\t\t\t\t\t\t\t\t\tclass=\"screen-reader-text\"><\/span><\/label>\n\t\t\t\t\t\t\t\t<input type=\"password\" class=\"woocommerce-Input woocommerce-Input--text input-text\"\n\t\t\t\t\t\t\t\t\tplaceholder=\"\"\n\t\t\t\t\t\t\t\t\tname=\"password\" id=\"reg_password\" autocomplete=\"new-password\" required\n\t\t\t\t\t\t\t\t\taria-required=\"true\" \/>\n\t\t\t\t\t\t\t<\/p> -->\n\n\t\t\t\t\t\t\n\t\t\t\t\t\t<wc-order-attribution-inputs><\/wc-order-attribution-inputs><div class=\"woocommerce-privacy-policy-text\"><p>J\u016bs\u0173 asmeniniai duomenys bus naudojami patogesniam nar\u0161ymui \u0161iame tinklalapyje, paskyros valdymui bei kitoms reikm\u0117ms, kurios apra\u0161ytos m\u016bs\u0173 <a href=\"https:\/\/www.darzoviuseklos.lt\/informacija-pirkejams\/privatumo-politika\/\" class=\"woocommerce-privacy-policy-link\" target=\"_blank\">privacy policy<\/a>.<\/p>\n<\/div>\n\t\t\t\t\t\t<p class=\"woocommerce-form-row form-row remeber-me\">\n\t\t\t\t\t\t\t<input type=\"hidden\" id=\"woocommerce-register-nonce\" name=\"woocommerce-register-nonce\" value=\"e525c586da\" \/><input type=\"hidden\" name=\"_wp_http_referer\" value=\"\/en\/wp-json\/wp\/v2\/pages\/165\" \/>\t\t\t\t\t\t\t<button type=\"submit\"\n\t\t\t\t\t\t\t\tclass=\"woo-login-button woocommerce-Button woocommerce-button button woocommerce-form-register__submit\"\n\t\t\t\t\t\t\t\tname=\"register\"\n\t\t\t\t\t\t\t\tvalue=\"Register\">Register<\/button>\n\t\t\t\t\t\t<\/p>\n\n\t\t\t\t\t\t\n\t\t\t\t\t<\/form>\n\n\t\t\t\t\t<h3 class=\"new-client\">Esat u\u017esiregistrav\u0119s?<\/h3>\n\n\t\t\t\t\t<a class=\"woo-login-text\" href=\"javascript:void(0);\"\n\t\t\t\t\t\tid=\"show-login-form\">Gr\u012f\u017eti \u012f prisijungim\u0105<\/a>\n\n\t\t\t\t\t<!-- <a class=\"woo-login-button svecias\" href=\"\">Pirksiu kaip sve\u010dias<\/a> -->\n\t\t\t\t<\/div>\n\n\t\t\t<\/div>\n\n\t\t<\/div>\n\t\n<\/div>\n\n<\/div>\n","protected":false},"excerpt":{"rendered":"","protected":false},"author":1,"featured_media":0,"parent":0,"menu_order":0,"comment_status":"closed","ping_status":"closed","template":"","meta":{"_acf_changed":false,"footnotes":""},"class_list":["post-165","page","type-page","status-publish","hentry"],"acf":[],"yoast_head":"<!-- This site is optimized with the Yoast SEO plugin v26.9 - https:\/\/yoast.com\/product\/yoast-seo-wordpress\/ -->\n<title>My account - darzoviuseklos.lt<\/title>\n<meta name=\"robots\" content=\"index, follow, max-snippet:-1, max-image-preview:large, max-video-preview:-1\" \/>\n<link rel=\"canonical\" href=\"https:\/\/www.darzoviuseklos.lt\/en\/my-account\/\" \/>\n<meta property=\"og:locale\" content=\"en_US\" \/>\n<meta property=\"og:type\" content=\"article\" \/>\n<meta property=\"og:title\" content=\"My account - darzoviuseklos.lt\" \/>\n<meta property=\"og:url\" content=\"https:\/\/www.darzoviuseklos.lt\/en\/my-account\/\" \/>\n<meta property=\"og:site_name\" content=\"darzoviuseklos.lt\" \/>\n<meta property=\"article:modified_time\" content=\"2025-09-30T07:34:11+00:00\" \/>\n<meta name=\"twitter:card\" content=\"summary_large_image\" \/>\n<script type=\"application\/ld+json\" class=\"yoast-schema-graph\">{\"@context\":\"https:\/\/schema.org\",\"@graph\":[{\"@type\":\"WebPage\",\"@id\":\"https:\/\/www.darzoviuseklos.lt\/en\/my-account\/\",\"url\":\"https:\/\/www.darzoviuseklos.lt\/en\/my-account\/\",\"name\":\"My account - darzoviuseklos.lt\",\"isPartOf\":{\"@id\":\"https:\/\/www.darzoviuseklos.lt\/en\/#website\"},\"datePublished\":\"2025-09-30T07:31:31+00:00\",\"dateModified\":\"2025-09-30T07:34:11+00:00\",\"breadcrumb\":{\"@id\":\"https:\/\/www.darzoviuseklos.lt\/en\/my-account\/#breadcrumb\"},\"inLanguage\":\"en-US\",\"potentialAction\":[{\"@type\":\"ReadAction\",\"target\":[\"https:\/\/www.darzoviuseklos.lt\/en\/my-account\/\"]}]},{\"@type\":\"BreadcrumbList\",\"@id\":\"https:\/\/www.darzoviuseklos.lt\/en\/my-account\/#breadcrumb\",\"itemListElement\":[{\"@type\":\"ListItem\",\"position\":1,\"name\":\"Prad\u017eia\",\"item\":\"https:\/\/www.darzoviuseklos.lt\/en\/\"},{\"@type\":\"ListItem\",\"position\":2,\"name\":\"My account\"}]},{\"@type\":\"WebSite\",\"@id\":\"https:\/\/www.darzoviuseklos.lt\/en\/#website\",\"url\":\"https:\/\/www.darzoviuseklos.lt\/en\/\",\"name\":\"darzoviuseklos.lt\",\"description\":\"\",\"potentialAction\":[{\"@type\":\"SearchAction\",\"target\":{\"@type\":\"EntryPoint\",\"urlTemplate\":\"https:\/\/www.darzoviuseklos.lt\/en\/?s={search_term_string}\"},\"query-input\":{\"@type\":\"PropertyValueSpecification\",\"valueRequired\":true,\"valueName\":\"search_term_string\"}}],\"inLanguage\":\"en-US\"}]}<\/script>\n<!-- \/ Yoast SEO plugin. -->","yoast_head_json":{"title":"My account - darzoviuseklos.lt","robots":{"index":"index","follow":"follow","max-snippet":"max-snippet:-1","max-image-preview":"max-image-preview:large","max-video-preview":"max-video-preview:-1"},"canonical":"https:\/\/www.darzoviuseklos.lt\/en\/my-account\/","og_locale":"en_US","og_type":"article","og_title":"My account - darzoviuseklos.lt","og_url":"https:\/\/www.darzoviuseklos.lt\/en\/my-account\/","og_site_name":"darzoviuseklos.lt","article_modified_time":"2025-09-30T07:34:11+00:00","twitter_card":"summary_large_image","schema":{"@context":"https:\/\/schema.org","@graph":[{"@type":"WebPage","@id":"https:\/\/www.darzoviuseklos.lt\/en\/my-account\/","url":"https:\/\/www.darzoviuseklos.lt\/en\/my-account\/","name":"My account - darzoviuseklos.lt","isPartOf":{"@id":"https:\/\/www.darzoviuseklos.lt\/en\/#website"},"datePublished":"2025-09-30T07:31:31+00:00","dateModified":"2025-09-30T07:34:11+00:00","breadcrumb":{"@id":"https:\/\/www.darzoviuseklos.lt\/en\/my-account\/#breadcrumb"},"inLanguage":"en-US","potentialAction":[{"@type":"ReadAction","target":["https:\/\/www.darzoviuseklos.lt\/en\/my-account\/"]}]},{"@type":"BreadcrumbList","@id":"https:\/\/www.darzoviuseklos.lt\/en\/my-account\/#breadcrumb","itemListElement":[{"@type":"ListItem","position":1,"name":"Prad\u017eia","item":"https:\/\/www.darzoviuseklos.lt\/en\/"},{"@type":"ListItem","position":2,"name":"My account"}]},{"@type":"WebSite","@id":"https:\/\/www.darzoviuseklos.lt\/en\/#website","url":"https:\/\/www.darzoviuseklos.lt\/en\/","name":"darzoviuseklos.lt","description":"","potentialAction":[{"@type":"SearchAction","target":{"@type":"EntryPoint","urlTemplate":"https:\/\/www.darzoviuseklos.lt\/en\/?s={search_term_string}"},"query-input":{"@type":"PropertyValueSpecification","valueRequired":true,"valueName":"search_term_string"}}],"inLanguage":"en-US"}]}},"_links":{"self":[{"href":"https:\/\/www.darzoviuseklos.lt\/en\/wp-json\/wp\/v2\/pages\/165","targetHints":{"allow":["GET"]}}],"collection":[{"href":"https:\/\/www.darzoviuseklos.lt\/en\/wp-json\/wp\/v2\/pages"}],"about":[{"href":"https:\/\/www.darzoviuseklos.lt\/en\/wp-json\/wp\/v2\/types\/page"}],"author":[{"embeddable":true,"href":"https:\/\/www.darzoviuseklos.lt\/en\/wp-json\/wp\/v2\/users\/1"}],"replies":[{"embeddable":true,"href":"https:\/\/www.darzoviuseklos.lt\/en\/wp-json\/wp\/v2\/comments?post=165"}],"version-history":[{"count":0,"href":"https:\/\/www.darzoviuseklos.lt\/en\/wp-json\/wp\/v2\/pages\/165\/revisions"}],"wp:attachment":[{"href":"https:\/\/www.darzoviuseklos.lt\/en\/wp-json\/wp\/v2\/media?parent=165"}],"curies":[{"name":"wp","href":"https:\/\/api.w.org\/{rel}","templated":true}]}}